{"id":723,"date":"2025-04-24T15:37:20","date_gmt":"2025-04-24T10:07:20","guid":{"rendered":"https:\/\/apad.fit4dev.eu\/register-2\/"},"modified":"2025-04-29T17:58:33","modified_gmt":"2025-04-29T12:28:33","slug":"register","status":"publish","type":"page","link":"https:\/\/apad.fit4dev.eu\/fr\/register\/","title":{"rendered":"Register"},"content":{"rendered":"<div data-elementor-type=\"wp-page\" data-elementor-id=\"723\" class=\"elementor elementor-723\" data-elementor-post-type=\"page\">\n\t\t\t\t<div data-ka-cursor-size=\"1\" class=\"elementor-element elementor-element-38ccd21b e-flex e-con-boxed jltma-glass-effect-no e-con e-parent\" data-id=\"38ccd21b\" data-element_type=\"container\" data-settings=\"{&quot;background_background&quot;:&quot;classic&quot;,&quot;kng_cursor_interaction&quot;:&quot;default&quot;,&quot;kng_cursor_magnetic&quot;:&quot;none&quot;,&quot;kng_cursor_size_multiplier&quot;:{&quot;unit&quot;:&quot;px&quot;,&quot;size&quot;:1,&quot;sizes&quot;:[]}}\">\n\t\t\t\t\t<div class=\"e-con-inner\">\n\t\t\t\t<div data-ka-cursor-size=\"1\" class=\"elementor-element elementor-element-6ebf2f76 jltma-glass-effect-no elementor-widget elementor-widget-heading\" data-id=\"6ebf2f76\" data-element_type=\"widget\" data-settings=\"{&quot;kng_cursor_interaction&quot;:&quot;default&quot;,&quot;kng_cursor_magnetic&quot;:&quot;none&quot;,&quot;kng_cursor_size_multiplier&quot;:{&quot;unit&quot;:&quot;px&quot;,&quot;size&quot;:1,&quot;sizes&quot;:[]}}\" data-widget_type=\"heading.default\">\n\t\t\t\t<div class=\"elementor-widget-container\">\n\t\t\t\t\t<h1 class=\"elementor-heading-title elementor-size-default\">Formulaire d'adh\u00e9sion<\/h1>\t\t\t\t<\/div>\n\t\t\t\t<\/div>\n\t\t\t\t<div data-ka-cursor-size=\"1\" class=\"elementor-element elementor-element-39dd8c80 elementor-widget__width-initial elementor-widget-tablet__width-initial jltma-glass-effect-no elementor-widget elementor-widget-text-editor\" data-id=\"39dd8c80\" data-element_type=\"widget\" data-settings=\"{&quot;kng_cursor_interaction&quot;:&quot;default&quot;,&quot;kng_cursor_magnetic&quot;:&quot;none&quot;,&quot;kng_cursor_size_multiplier&quot;:{&quot;unit&quot;:&quot;px&quot;,&quot;size&quot;:1,&quot;sizes&quot;:[]}}\" data-widget_type=\"text-editor.default\">\n\t\t\t\t<div class=\"elementor-widget-container\">\n\t\t\t\t\t\t\t\t\t<p>L\u2019APAD propose des adh\u00e9sions individuelles et des adh\u00e9sions institutionnelles pour les organisations (laboratoires, universit\u00e9s, centres de recherche, etc.). \u00catre membre de l\u2019APAD et \u00e0 jour de ses cotisations donne droit \u00e0 recevoir la Revue Anthropologie &amp; d\u00e9veloppement (un num\u00e9ro par an) ; participer au colloque et aux s\u00e9minaires r\u00e9serv\u00e9s aux membres; recevoir les messages d\u2019actualit\u00e9s par mail.<\/p>\t\t\t\t\t\t\t\t<\/div>\n\t\t\t\t<\/div>\n\t\t\t\t<div data-ka-cursor-size=\"1\" class=\"elementor-element elementor-element-80d6feb elementor-widget-mobile__width-initial jltma-glass-effect-no elementor-widget elementor-widget-shortcode\" data-id=\"80d6feb\" data-element_type=\"widget\" data-settings=\"{&quot;kng_cursor_interaction&quot;:&quot;default&quot;,&quot;kng_cursor_magnetic&quot;:&quot;none&quot;,&quot;kng_cursor_size_multiplier&quot;:{&quot;unit&quot;:&quot;px&quot;,&quot;size&quot;:1,&quot;sizes&quot;:[]}}\" data-widget_type=\"shortcode.default\">\n\t\t\t\t<div class=\"elementor-widget-container\">\n\t\t\t\t\t\t\t<div class=\"elementor-shortcode\">        <form enctype=\"multipart\/form-data\" method=\"post\" id=\"wppb-register-user\" class=\"wppb-user-forms wppb-register-user wppb-user-logged-out\" action=\"https:\/\/apad.fit4dev.eu\/fr\/wp-json\/wp\/v2\/pages\/723\" data-trp-original-action=\"https:\/\/apad.fit4dev.eu\/fr\/wp-json\/wp\/v2\/pages\/723\">\n\t\t\t<ul><li class=\"wppb-form-field wppb-subscription-plans\" id=\"wppb-form-element-14\"><\/li><li class=\"wppb-form-field wppb-default-e-mail\" id=\"wppb-form-element-8\">\n\t\t\t<label for=\"email\">E-mail<span class=\"wppb-required\" title=\"This field is required\">*<\/span><\/label>\n\t\t\t<input class=\"text-input default_field_email\" name=\"email\" maxlength=\"70\" type=\"email\" id=\"email\" value=\"\"   \/><\/li><li class=\"wppb-form-field wppb-default-username\" id=\"wppb-form-element-2\">\n\t\t\t<label for=\"username\">Nom d'utilisateur<span class=\"wppb-required\" title=\"This field is required\">*<\/span><\/label>\n\t\t\t<input class=\"text-input default_field_username\" name=\"username\" maxlength=\"70\" type=\"text\" id=\"username\" value=\"\"  \/><\/li><li class=\"wppb-form-field wppb-default-password\" id=\"wppb-form-element-12\">\n\t\t\t<label for=\"passw1\">Mot de passe<span class=\"wppb-required\" title=\"This field is required\">*<\/span><\/label>\n            <span class=\"wppb-password-field-container\">\n\t\t\t    <input class=\"text-input\" name=\"passw1\" maxlength=\"70\" type=\"password\" id=\"passw1\" value=\"\" autocomplete=\"off\" \/>\n\t\t\t    \n            <button type=\"button\" class=\"wppb-toggle-pw wppb-show-pw hide-if-no-js\" data-toggle=\"0\" aria-label=\"Show password\" tabindex=\"-1\">\n                <img decoding=\"async\" src=\"https:\/\/apad.fit4dev.eu\/wp-content\/plugins\/profile-builder\/\/assets\/images\/eye-outline.svg\" title=\"Show password\" width=\"20px\" height=\"20px\" \/>\n            <\/button> <!-- add the HTML for the visibility toggle -->\n\t\t\t<\/span><span class=\"wppb-description-delimiter\"> <\/span><\/li><li class=\"wppb-form-field wppb-default-repeat-password\" id=\"wppb-form-element-13\">\n\t\t\t<label for=\"passw2\">R\u00e9p\u00e9ter mot de passe<span class=\"wppb-required\" title=\"This field is required\">*<\/span><\/label>\n\t\t\t<span class=\"wppb-password-field-container\">\n\t\t\t    <input class=\"text-input\" name=\"passw2\" maxlength=\"70\" type=\"password\" id=\"passw2\" value=\"\" autocomplete=\"off\" \/>\n\t\t\t    \n            <button type=\"button\" class=\"wppb-toggle-pw wppb-show-pw hide-if-no-js\" data-toggle=\"0\" aria-label=\"Show password\" tabindex=\"-1\">\n                <img decoding=\"async\" src=\"https:\/\/apad.fit4dev.eu\/wp-content\/plugins\/profile-builder\/\/assets\/images\/eye-outline.svg\" title=\"Show password\" width=\"20px\" height=\"20px\" \/>\n            <\/button> <!-- add the HTML for the visibility toggle -->\n\t\t\t<\/span><\/li><li class=\"wppb-form-field wppb-default-contact-info-heading\" id=\"wppb-form-element-7\"><h4>General Information<\/h4><span class=\"wppb-description-delimiter\"><\/span><\/li><li class=\"wppb-form-field wppb-default-first-name\" id=\"wppb-form-element-3\">\n\t\t\t<label for=\"first_name\">Pr\u00e9nom<\/label>\n\t\t\t<input class=\"text-input default_field_firstname\" name=\"first_name\" maxlength=\"70\" type=\"text\" id=\"first_name\" value=\"\"  \/><\/li><li class=\"wppb-form-field wppb-default-last-name\" id=\"wppb-form-element-4\">\n\t\t\t<label for=\"last_name\">Nom<\/label>\n\t\t\t<input class=\"text-input default_field_lastname\" name=\"last_name\" maxlength=\"70\" type=\"text\" id=\"last_name\" value=\"\" \/><\/li><li class=\"wppb-form-field wppb-default-display-name-publicly-as\" id=\"wppb-form-element-6\"><\/li><li class=\"wppb-form-field wppb-input\" id=\"wppb-form-element-25\">\n\t\t\t\t<label for=\"custom_field_9\">Nom de votre institution<\/label>\n\t\t\t\t<input class=\"extra_field_input\" name=\"custom_field_9\" maxlength=\"250\" type=\"text\" id=\"custom_field_9\" value=\"\" \/><\/li><li class=\"wppb-form-field wppb-select\" id=\"wppb-form-element-15\">\n\t\t\t\t<label for=\"custom_field_1\">Statut<span class=\"wppb-required\" title=\"This field is required\">*<\/span><\/label>\n\t\t\t\t<select name=\"custom_field_1\" id=\"custom_field_1\" class=\"custom_field_select\" ><option value=\"Student\" class=\"custom_field_select_option\" >Etudiant<\/option><option value=\"Teacher\" class=\"custom_field_select_option\" >Enseignant<\/option><option value=\"Researcher\" class=\"custom_field_select_option\" >Chercheur<\/option><option value=\"Other\" class=\"custom_field_select_option\" >Autre<\/option>\n\t\t\t\t<\/select><\/li><li class=\"wppb-form-field wppb-input\" id=\"wppb-form-element-16\">\n\t\t\t\t<label for=\"custom_field_2\">Adresse<span class=\"wppb-required\" title=\"This field is required\">*<\/span><\/label>\n\t\t\t\t<input class=\"extra_field_input\" name=\"custom_field_2\" maxlength=\"250\" type=\"text\" id=\"custom_field_2\" value=\"\" \/><\/li><li class=\"wppb-form-field wppb-input\" id=\"wppb-form-element-17\">\n\t\t\t\t<label for=\"custom_field_3\">Ville<span class=\"wppb-required\" title=\"This field is required\">*<\/span><\/label>\n\t\t\t\t<input class=\"extra_field_input\" name=\"custom_field_3\" maxlength=\"250\" type=\"text\" id=\"custom_field_3\" value=\"\" \/><\/li><li class=\"wppb-form-field wppb-input\" id=\"wppb-form-element-18\">\n\t\t\t\t<label for=\"custom_field_4\">Code postal<span class=\"wppb-required\" title=\"This field is required\">*<\/span><\/label>\n\t\t\t\t<input class=\"extra_field_input\" name=\"custom_field_4\" maxlength=\"250\" type=\"text\" id=\"custom_field_4\" value=\"\" \/><\/li><li class=\"wppb-form-field wppb-input\" id=\"wppb-form-element-19\">\n\t\t\t\t<label for=\"custom_field_5\">Province, R\u00e9gion, ou Etat<span class=\"wppb-required\" title=\"This field is required\">*<\/span><\/label>\n\t\t\t\t<input class=\"extra_field_input\" name=\"custom_field_5\" maxlength=\"250\" type=\"text\" id=\"custom_field_5\" value=\"\" \/><\/li><li class=\"wppb-form-field wppb-input\" id=\"wppb-form-element-20\">\n\t\t\t\t<label for=\"custom_field_6\">Pays<span class=\"wppb-required\" title=\"This field is required\">*<\/span><\/label>\n\t\t\t\t<input class=\"extra_field_input\" name=\"custom_field_6\" maxlength=\"250\" type=\"text\" id=\"custom_field_6\" value=\"\" \/><\/li><li class=\"wppb-form-field wppb-default-name-heading\" id=\"wppb-form-element-21\"><h4>Revue \"Anthropologie &amp; D\u00e9veloppement\"<\/h4><span class=\"wppb-description-delimiter\"><\/span><\/li><li class=\"wppb-form-field wppb-checkbox\" id=\"wppb-form-element-22\">\n\t\t\t\t<label for=\"custom_field_7\">Je souhaite recevoir la revue sous format:<span class=\"wppb-required\" title=\"This field is required\">*<\/span><\/label><ul class=\"wppb-checkboxes\"><li class=\"wppb-hidden\"><input type=\"hidden\" value=\"\" name=\"custom_field_7\"><\/li><li><input value=\"Electronic format\" class=\"custom_field_checkbox\" name=\"custom_field_7[]\" id=\"electronic-format_22\" type=\"checkbox\"   \/><label for=\"electronic-format_22\" class=\"wppb-rc-value\">\u00e9lectronique<\/label><\/li><li><input value=\"Paper format\" class=\"custom_field_checkbox\" name=\"custom_field_7[]\" id=\"paper-format_22\" type=\"checkbox\"   \/><label for=\"paper-format_22\" class=\"wppb-rc-value\">Papier<\/label><\/li><\/ul><\/li><li class=\"wppb-form-field wppb-default-about-yourself-heading\" id=\"wppb-form-element-23\"><h4>Adresse d'exp\u00e9dition<\/h4><span class=\"wppb-description-delimiter\"><\/span><\/li><li class=\"wppb-form-field wppb-textarea\" id=\"wppb-form-element-24\">\n\t\t\t\t<label for=\"custom_field_8\">Adresse en cas de format papier<\/label>\n\t\t\t\t<textarea rows=\"3\" name=\"custom_field_8\" maxlength=\"\" class=\"custom_field_textarea\" id=\"custom_field_8\" wrap=\"virtual\" ><\/textarea><\/li><\/ul><ul><li class=\"wppb-form-field wppb-send-credentials-checkbox\"><label for=\"send_credentials_via_email\"><input id=\"send_credentials_via_email\" type=\"checkbox\" name=\"send_credentials_via_email\" value=\"sending\"\/>Send these credentials via email.<\/label><\/li><\/ul>\t\t\t<p class=\"form-submit\"  >\n\t\t\t\t                \t\t\t\t<input name=\"register\" type=\"submit\" id=\"register\" class=\"submit button\" value=\"Register\" \/>\n                <input name=\"redirect_to\" type=\"hidden\" value=\"\" \/>\n                \t\t\t\t<input name=\"action\" type=\"hidden\" id=\"action\" value=\"register\" \/>\n\t\t\t\t<input name=\"form_name\" type=\"hidden\" id=\"form_name\" value=\"unspecified\" \/>\n\t\t\t\t<input name=\"form_id\" type=\"hidden\" id=\"form_id\" value=\"\" \/>\n\t\t\t\t\t\t\t<\/p><!-- .form-submit -->\n\t\t\t<input type=\"hidden\" id=\"register_unspecified_nonce_field\" name=\"register_unspecified_nonce_field\" value=\"c08531cefd\" \/><input type=\"hidden\" name=\"_wp_http_referer\" value=\"\/fr\/wp-json\/wp\/v2\/pages\/723\" \/>\t\t<input type=\"hidden\" name=\"trp-form-language\" value=\"fr\"\/><\/form>\n\t\t<\/div>\n\t\t\t\t\t\t<\/div>\n\t\t\t\t<\/div>\n\t\t\t\t\t<\/div>\n\t\t\t\t<\/div>\n\t\t\t\t<\/div>","protected":false},"excerpt":{"rendered":"<p>Join APAD Membership APAD offers individual membership and institutional membership for organisations (laboratories, universities, research centres, etc.). Become an APAD member to access the Anthropology &amp; Development journal, exclusive events, [&hellip;]<\/p>","protected":false},"author":1,"featured_media":0,"parent":0,"menu_order":0,"comment_status":"closed","ping_status":"closed","template":"elementor_header_footer","meta":{"_acf_changed":false,"footnotes":""},"class_list":["post-723","page","type-page","status-publish","hentry"],"acf":[],"_links":{"self":[{"href":"https:\/\/apad.fit4dev.eu\/fr\/wp-json\/wp\/v2\/pages\/723","targetHints":{"allow":["GET"]}}],"collection":[{"href":"https:\/\/apad.fit4dev.eu\/fr\/wp-json\/wp\/v2\/pages"}],"about":[{"href":"https:\/\/apad.fit4dev.eu\/fr\/wp-json\/wp\/v2\/types\/page"}],"author":[{"embeddable":true,"href":"https:\/\/apad.fit4dev.eu\/fr\/wp-json\/wp\/v2\/users\/1"}],"replies":[{"embeddable":true,"href":"https:\/\/apad.fit4dev.eu\/fr\/wp-json\/wp\/v2\/comments?post=723"}],"version-history":[{"count":35,"href":"https:\/\/apad.fit4dev.eu\/fr\/wp-json\/wp\/v2\/pages\/723\/revisions"}],"predecessor-version":[{"id":2171,"href":"https:\/\/apad.fit4dev.eu\/fr\/wp-json\/wp\/v2\/pages\/723\/revisions\/2171"}],"wp:attachment":[{"href":"https:\/\/apad.fit4dev.eu\/fr\/wp-json\/wp\/v2\/media?parent=723"}],"curies":[{"name":"wp","href":"https:\/\/api.w.org\/{rel}","templated":true}]}}